{"id":2953,"date":"2022-07-29T12:36:43","date_gmt":"2022-07-29T10:36:43","guid":{"rendered":"https:\/\/arguion.com\/?page_id=2953"},"modified":"2022-10-27T15:52:22","modified_gmt":"2022-10-27T13:52:22","slug":"ayudas-y-subvenciones","status":"publish","type":"page","link":"https:\/\/arguion.com\/index.php\/ayudas-y-subvenciones\/","title":{"rendered":"AYUDAS Y SUBVENCIONES"},"content":{"rendered":"\t\t<div data-elementor-type=\"wp-page\" data-elementor-id=\"2953\" class=\"elementor elementor-2953\" data-elementor-settings=\"[]\">\n\t\t\t\t\t\t<div class=\"elementor-inner\">\n\t\t\t\t\t\t\t<div class=\"elementor-section-wrap\">\n\t\t\t\t\t\t\t<section class=\"elementor-section elementor-top-section elementor-element elementor-element-4e0a546 elementor-section-boxed elementor-section-height-default elementor-section-height-default\" data-id=\"4e0a546\" data-element_type=\"section\">\n\t\t\t\t\t\t<div class=\"elementor-container elementor-column-gap-default\">\n\t\t\t\t\t\t\t<div class=\"elementor-row\">\n\t\t\t\t\t<div class=\"elementor-column elementor-col-100 elementor-top-column elementor-element elementor-element-fe8ebfc\" data-id=\"fe8ebfc\" data-element_type=\"column\">\n\t\t\t<div class=\"elementor-column-wrap elementor-element-populated\">\n\t\t\t\t\t\t\t<div class=\"elementor-widget-wrap\">\n\t\t\t\t\t\t<div class=\"elementor-element elementor-element-0bb247e elementor-widget elementor-widget-text-editor\" data-id=\"0bb247e\" data-element_type=\"widget\" data-widget_type=\"text-editor.default\">\n\t\t\t\t<div class=\"elementor-widget-container\">\n\t\t\t\t\t\t\t\t<div class=\"elementor-text-editor elementor-clearfix\">\n\t\t\t\t<p>Nuestra empresa est\u00e1 comprometida con la transparencia. Asimismo, garantizamos el cumplimiento de la normativa que nos regula en esta materia, siendo la siguiente:<\/p><p><a href=\"https:\/\/www.boe.es\/eli\/es\/l\/2013\/12\/09\/19\/con\" target=\"_blank\" rel=\"noopener\">Ley 19\/2013, de 9 de diciembre<\/a>, de transparencia, acceso a la informaci\u00f3n p\u00fablica y buen gobierno.<\/p><p><a href=\"https:\/\/www.boe.es\/buscar\/pdf\/2015\/BOE-A-2015-1114-consolidado.pdf\" target=\"_blank\" rel=\"noopener\">Ley 12\/2014, de 26 de diciembre<\/a>, de transparencia y de acceso a la informaci\u00f3n p\u00fablica.<\/p><p><a href=\"http:\/\/arguion.com\/wp-content\/uploads\/2022\/07\/PDF-SUBVENCION-rotado.pdf\" target=\"_blank\" rel=\"noopener\">Relaci\u00f3n de ayudas y subvenciones recibidas en 2021<\/a><\/p><p><a href=\"http:\/\/arguion.com\/wp-content\/uploads\/2022\/10\/Cuenta-justificativa-definitiva_F.pdf\" target=\"_blank\" rel=\"noopener\">Justificaci\u00f3n de la subvenci\u00f3n<\/a><\/p><p><a href=\"http:\/\/arguion.com\/wp-content\/uploads\/2022\/10\/Informe_F.pdf\" target=\"_blank\" rel=\"noopener\">Informe de auditor\u00eda<\/a><\/p><p>\u00a0<\/p><p><em>Esta informaci\u00f3n ha sido publicada el 29 de Julio del 2022.<\/em><\/p>\t\t\t\t\t<\/div>\n\t\t\t\t\t\t<\/div>\n\t\t\t\t<\/div>\n\t\t\t\t\t\t<\/div>\n\t\t\t\t\t<\/div>\n\t\t<\/div>\n\t\t\t\t\t\t\t\t<\/div>\n\t\t\t\t\t<\/div>\n\t\t<\/section>\n\t\t\t\t\t\t<\/div>\n\t\t\t\t\t\t<\/div>\n\t\t\t\t\t<\/div>\n\t\t","protected":false},"excerpt":{"rendered":"<p>Nuestra empresa est\u00e1 comprometida con la transparencia. Asimismo, garantizamos el cumplimiento de la normativa que nos regula en esta materia, siendo la siguiente: Ley 19\/2013, de 9 de diciembre, de transparencia, acceso a la informaci\u00f3n p\u00fablica y buen gobierno. Ley 12\/2014, de 26 de diciembre, de transparencia y de acceso a la informaci\u00f3n p\u00fablica. Relaci\u00f3n &hellip; <\/p>\n<p class=\"link-more\"><a href=\"https:\/\/arguion.com\/index.php\/ayudas-y-subvenciones\/\" class=\"more-link\">Seguir leyendo<span class=\"screen-reader-text\"> \u00abAYUDAS Y SUBVENCIONES\u00bb<\/span><\/a><\/p>\n","protected":false},"author":1,"featured_media":0,"parent":0,"menu_order":0,"comment_status":"closed","ping_status":"closed","template":"elementor_header_footer","meta":[],"acf":[],"_links":{"self":[{"href":"https:\/\/arguion.com\/index.php\/wp-json\/wp\/v2\/pages\/2953"}],"collection":[{"href":"https:\/\/arguion.com\/index.php\/wp-json\/wp\/v2\/pages"}],"about":[{"href":"https:\/\/arguion.com\/index.php\/wp-json\/wp\/v2\/types\/page"}],"author":[{"embeddable":true,"href":"https:\/\/arguion.com\/index.php\/wp-json\/wp\/v2\/users\/1"}],"replies":[{"embeddable":true,"href":"https:\/\/arguion.com\/index.php\/wp-json\/wp\/v2\/comments?post=2953"}],"version-history":[{"count":44,"href":"https:\/\/arguion.com\/index.php\/wp-json\/wp\/v2\/pages\/2953\/revisions"}],"predecessor-version":[{"id":3123,"href":"https:\/\/arguion.com\/index.php\/wp-json\/wp\/v2\/pages\/2953\/revisions\/3123"}],"wp:attachment":[{"href":"https:\/\/arguion.com\/index.php\/wp-json\/wp\/v2\/media?parent=2953"}],"curies":[{"name":"wp","href":"https:\/\/api.w.org\/{rel}","templated":true}]}}