{"id":43,"date":"2019-09-24T15:43:45","date_gmt":"2019-09-24T13:43:45","guid":{"rendered":"http:\/\/localhost\/Arguion\/?page_id=43"},"modified":"2022-12-13T14:29:07","modified_gmt":"2022-12-13T13:29:07","slug":"contacto","status":"publish","type":"page","link":"https:\/\/arguion.com\/index.php\/contacto\/","title":{"rendered":"Contacto"},"content":{"rendered":"\t\t<div data-elementor-type=\"wp-page\" data-elementor-id=\"43\" class=\"elementor elementor-43\" data-elementor-settings=\"[]\">\n\t\t\t\t\t\t<div class=\"elementor-inner\">\n\t\t\t\t\t\t\t<div class=\"elementor-section-wrap\">\n\t\t\t\t\t\t\t<section class=\"elementor-section elementor-top-section elementor-element elementor-element-a4ce6be elementor-section-full_width elementor-section-height-default elementor-section-height-default\" data-id=\"a4ce6be\" data-element_type=\"section\">\n\t\t\t\t\t\t<div class=\"elementor-container elementor-column-gap-default\">\n\t\t\t\t\t\t\t<div class=\"elementor-row\">\n\t\t\t\t\t<div class=\"elementor-column elementor-col-100 elementor-top-column elementor-element elementor-element-a4835c3\" data-id=\"a4835c3\" data-element_type=\"column\">\n\t\t\t<div class=\"elementor-column-wrap elementor-element-populated\">\n\t\t\t\t\t\t\t<div class=\"elementor-widget-wrap\">\n\t\t\t\t\t\t<div class=\"elementor-element elementor-element-21bba24 elementor-widget elementor-widget-heading\" data-id=\"21bba24\" data-element_type=\"widget\" data-widget_type=\"heading.default\">\n\t\t\t\t<div class=\"elementor-widget-container\">\n\t\t\t<h2 class=\"elementor-heading-title elementor-size-default\">DIRECCI\u00d3N<\/h2>\t\t<\/div>\n\t\t\t\t<\/div>\n\t\t\t\t<div class=\"elementor-element elementor-element-87d9780 elementor-widget-divider--view-line elementor-widget elementor-widget-divider\" data-id=\"87d9780\" data-element_type=\"widget\" data-widget_type=\"divider.default\">\n\t\t\t\t<div class=\"elementor-widget-container\">\n\t\t\t\t\t<div class=\"elementor-divider\">\n\t\t\t<span class=\"elementor-divider-separator\">\n\t\t\t\t\t\t<\/span>\n\t\t<\/div>\n\t\t\t\t<\/div>\n\t\t\t\t<\/div>\n\t\t\t\t\t\t<\/div>\n\t\t\t\t\t<\/div>\n\t\t<\/div>\n\t\t\t\t\t\t\t\t<\/div>\n\t\t\t\t\t<\/div>\n\t\t<\/section>\n\t\t\t\t<section class=\"elementor-section elementor-top-section elementor-element elementor-element-e47b4dd elementor-section-full_width elementor-section-height-default elementor-section-height-default\" data-id=\"e47b4dd\" data-element_type=\"section\">\n\t\t\t\t\t\t<div class=\"elementor-container elementor-column-gap-default\">\n\t\t\t\t\t\t\t<div class=\"elementor-row\">\n\t\t\t\t\t<div class=\"elementor-column elementor-col-50 elementor-top-column elementor-element elementor-element-4695c54\" data-id=\"4695c54\" data-element_type=\"column\">\n\t\t\t<div class=\"elementor-column-wrap elementor-element-populated\">\n\t\t\t\t\t\t\t<div class=\"elementor-widget-wrap\">\n\t\t\t\t\t\t<div class=\"elementor-element elementor-element-6d581d4 elementor-widget elementor-widget-text-editor\" data-id=\"6d581d4\" data-element_type=\"widget\" data-widget_type=\"text-editor.default\">\n\t\t\t\t<div class=\"elementor-widget-container\">\n\t\t\t\t\t\t\t\t<div class=\"elementor-text-editor elementor-clearfix\">\n\t\t\t\t<p>Pol\u00edgono Industrial\u00a0 de Granadilla, SP02 NAVE 47,38619, Tenerife.<\/p><p>Email: arguion@arguion.es<\/p><p>Tlf: 922 77 80 92 &#8211; 667 44 28 07<\/p><p>Fax: 922 77 80 93<\/p>\t\t\t\t\t<\/div>\n\t\t\t\t\t\t<\/div>\n\t\t\t\t<\/div>\n\t\t\t\t\t\t<\/div>\n\t\t\t\t\t<\/div>\n\t\t<\/div>\n\t\t\t\t<div class=\"elementor-column elementor-col-50 elementor-top-column elementor-element elementor-element-6de4cc0\" data-id=\"6de4cc0\" data-element_type=\"column\">\n\t\t\t<div class=\"elementor-column-wrap elementor-element-populated\">\n\t\t\t\t\t\t\t<div class=\"elementor-widget-wrap\">\n\t\t\t\t\t\t<div class=\"elementor-element elementor-element-7e9a058 elementor-button-align-stretch elementor-widget elementor-widget-form\" data-id=\"7e9a058\" data-element_type=\"widget\" data-settings=\"{&quot;button_width&quot;:&quot;25&quot;,&quot;step_next_label&quot;:&quot;Siguiente&quot;,&quot;step_previous_label&quot;:&quot;Anterior&quot;,&quot;step_type&quot;:&quot;number_text&quot;,&quot;step_icon_shape&quot;:&quot;circle&quot;}\" data-widget_type=\"form.default\">\n\t\t\t\t<div class=\"elementor-widget-container\">\n\t\t\t\t\t<form class=\"elementor-form\" method=\"post\" name=\"New Form\">\n\t\t\t<input type=\"hidden\" name=\"post_id\" value=\"43\"\/>\n\t\t\t<input type=\"hidden\" name=\"form_id\" value=\"7e9a058\"\/>\n\t\t\t<input type=\"hidden\" name=\"referer_title\" value=\"\" \/>\n\n\t\t\t\n\t\t\t<div class=\"elementor-form-fields-wrapper elementor-labels-above\">\n\t\t\t\t\t\t\t\t<div class=\"elementor-field-type-text elementor-field-group elementor-column elementor-field-group-name elementor-col-100 elementor-field-required elementor-mark-required\">\n\t\t\t\t\t\t\t\t\t\t\t\t<label for=\"form-field-name\" class=\"elementor-field-label\">\n\t\t\t\t\t\t\t\tNombre\t\t\t\t\t\t\t<\/label>\n\t\t\t\t\t\t\t\t\t\t\t\t\t\t<input size=\"1\" type=\"text\" name=\"form_fields[name]\" id=\"form-field-name\" class=\"elementor-field elementor-size-sm  elementor-field-textual\" placeholder=\"Nombre\" required=\"required\" aria-required=\"true\">\n\t\t\t\t\t\t\t\t\t\t\t<\/div>\n\t\t\t\t\t\t\t\t<div class=\"elementor-field-type-email elementor-field-group elementor-column elementor-field-group-email elementor-col-100 elementor-field-required elementor-mark-required\">\n\t\t\t\t\t\t\t\t\t\t\t\t<label for=\"form-field-email\" class=\"elementor-field-label\">\n\t\t\t\t\t\t\t\tEmail\t\t\t\t\t\t\t<\/label>\n\t\t\t\t\t\t\t\t\t\t\t\t\t\t<input size=\"1\" type=\"email\" name=\"form_fields[email]\" id=\"form-field-email\" class=\"elementor-field elementor-size-sm  elementor-field-textual\" placeholder=\"Email\" required=\"required\" aria-required=\"true\">\n\t\t\t\t\t\t\t\t\t\t\t<\/div>\n\t\t\t\t\t\t\t\t<div class=\"elementor-field-type-textarea elementor-field-group elementor-column elementor-field-group-message elementor-col-100 elementor-field-required elementor-mark-required\">\n\t\t\t\t\t\t\t\t\t\t\t\t<label for=\"form-field-message\" class=\"elementor-field-label\">\n\t\t\t\t\t\t\t\tMensaje\t\t\t\t\t\t\t<\/label>\n\t\t\t\t\t\t<textarea class=\"elementor-field-textual elementor-field  elementor-size-sm\" name=\"form_fields[message]\" id=\"form-field-message\" rows=\"4\" placeholder=\"Mensaje\" required=\"required\" aria-required=\"true\"><\/textarea>\t\t\t\t<\/div>\n\t\t\t\t\t\t\t\t<div class=\"elementor-field-type-checkbox elementor-field-group elementor-column elementor-field-group-field_1 elementor-col-100\">\n\t\t\t\t\t<div class=\"elementor-field-subgroup  elementor-subgroup-inline\"><span class=\"elementor-field-option\"><input type=\"checkbox\" value=\" He le\u00eddo y acepto la &lt;a href=&quot;\/index.php\/politica-de-privacidad\/&quot;&gt;Pol\u00edtica de Privacidad&lt;\/a&gt;&lt;span style=&quot;color:red&quot;&gt; *&lt;\/span&gt;\" id=\"form-field-field_1-0\" name=\"form_fields[field_1]\"> <label for=\"form-field-field_1-0\"> He le\u00eddo y acepto la <a href=\"\/index.php\/politica-de-privacidad\/\">Pol\u00edtica de Privacidad<\/a><span style=\"color:red\"> *<\/span><\/label><\/span><\/div>\t\t\t\t<\/div>\n\t\t\t\t\t\t\t\t<div class=\"elementor-field-type-html elementor-field-group elementor-column elementor-field-group-field_15d4fed elementor-col-100\">\n\t\t\t\t\t<span style=\"font-size:14px;color:red\">* <\/span><span  style=\"font-size:14px;\">Campos obligatorios<\/span>\t\t\t\t<\/div>\n\t\t\t\t\t\t\t\t<div class=\"elementor-field-group elementor-column elementor-field-type-submit elementor-col-25 e-form__buttons\">\n\t\t\t\t\t<button type=\"submit\" class=\"elementor-button elementor-size-sm\">\n\t\t\t\t\t\t<span >\n\t\t\t\t\t\t\t\t\t\t\t\t\t\t\t<span class=\" elementor-button-icon\">\n\t\t\t\t\t\t\t\t\t\t\t\t\t\t\t\t\t\t\t\t\t\t\t\t\t\t<\/span>\n\t\t\t\t\t\t\t\t\t\t\t\t\t\t\t\t\t\t\t\t\t\t<span class=\"elementor-button-text\">Enviar<\/span>\n\t\t\t\t\t\t\t\t\t\t\t\t\t<\/span>\n\t\t\t\t\t<\/button>\n\t\t\t\t<\/div>\n\t\t\t<\/div>\n\t\t<\/form>\n\t\t\t\t<\/div>\n\t\t\t\t<\/div>\n\t\t\t\t<div class=\"elementor-element elementor-element-d128b56 elementor-widget elementor-widget-text-editor\" data-id=\"d128b56\" data-element_type=\"widget\" data-widget_type=\"text-editor.default\">\n\t\t\t\t<div class=\"elementor-widget-container\">\n\t\t\t\t\t\t\t\t<div class=\"elementor-text-editor elementor-clearfix\">\n\t\t\t\t<p>Informaci\u00f3n b\u00e1sica de protecci\u00f3n de datos<\/p>\t\t\t\t\t<\/div>\n\t\t\t\t\t\t<\/div>\n\t\t\t\t<\/div>\n\t\t\t\t<div class=\"elementor-element elementor-element-9c01955 elementor-widget elementor-widget-text-editor\" data-id=\"9c01955\" data-element_type=\"widget\" data-widget_type=\"text-editor.default\">\n\t\t\t\t<div class=\"elementor-widget-container\">\n\t\t\t\t\t\t\t\t<div class=\"elementor-text-editor elementor-clearfix\">\n\t\t\t\t<table border=\"1\" width=\"100%\" cellspacing=\"4\" cellpadding=\"0\"><colgroup> <col width=\"128*\" \/> <col width=\"128*\" \/> <\/colgroup>\n<tbody>\n<tr valign=\"TOP\">\n<td width=\"50%\">\n<p align=\"JUSTIFY\"><span style=\"font-family: Tahoma;\"><span style=\"font-size: small;\">RESPONSABLE:<\/span><\/span><\/p>\n<\/td>\n<td width=\"50%\">\n<p align=\"LEFT\"><span style=\"color: #333333;\"><span style=\"font-family: Tahoma;\"><span style=\"font-size: small;\">Argui\u00f3n Yacht S.A. arguion@arguion.es\n<\/span><\/span><\/span><\/p>\n<\/td>\n<\/tr>\n<tr valign=\"TOP\">\n<td width=\"50%\">\n<p style=\"text-align: left;\" align=\"JUSTIFY\"><span style=\"font-family: Tahoma;\"><span style=\"font-size: small;\">FINALIDAD:<\/span><\/span><\/p>\n<\/td>\n<td width=\"50%\">\n<p style=\"text-align: left;\" align=\"JUSTIFY\"><span style=\"font-family: Tahoma;\"><span style=\"font-size: small; word-break: break-word;\"> Gesti\u00f3n de la consulta, solicitud o sugerencia\ntrasladada por el interesado<\/span><\/span><\/p>\n<\/td>\n<\/tr>\n<tr valign=\"TOP\">\n<td width=\"50%\">\n<p align=\"JUSTIFY\"><span style=\"font-family: Tahoma;\"><span style=\"font-size: small;\">LEGITIMACI\u00d3N<\/span><\/span><\/p>\n<\/td>\n<td width=\"50%\">\n<p align=\"JUSTIFY\"><span style=\"font-family: Tahoma;\"><span style=\"font-size: small; word-break: break-word;\"> Su consentimiento y el inter\u00e9s leg\u00edtimo para poder dar respuesta a lo\nsolicitado.<\/span><\/span><\/p>\n<\/td>\n<\/tr>\n<tr valign=\"TOP\">\n<td width=\"50%\">\n<p align=\"JUSTIFY\"><span style=\"font-family: Tahoma;\"><span style=\"font-size: small;\">DERECHOS<\/span><\/span><\/p>\n<\/td>\n<td width=\"50%\">\n<p align=\"JUSTIFY\"><span style=\"font-family: Tahoma;\"><span style=\"font-size: small; word-break: break-word;\"> Tiene derecho de acceso, rectificaci\u00f3n, supresi\u00f3n, y dem\u00e1s derechos explicados en la\ninformaci\u00f3n adicional.<\/span><\/span><\/p>\n<\/td>\n<\/tr>\n<tr valign=\"TOP\">\n<td width=\"50%\">\n<p align=\"JUSTIFY\"><span style=\"font-family: Tahoma;\"><span style=\"font-size: small;\">INFORMACI\u00d3N ADICIONAL<\/span><\/span><\/p>\n<\/td>\n<td width=\"50%\">\n<p align=\"JUSTIFY\"><span style=\"font-family: Tahoma;\"><span style=\"font-size: small; word-break: break-word;\"> Consulte la informaci\u00f3n adicional y detallada sobre Protecci\u00f3n de\nDatos en nuestra Pol\u00edtica de Privacidad.\n<\/span><\/span><\/p>\n<\/td>\n<\/tr>\n<\/tbody>\n<\/table>\t\t\t\t\t<\/div>\n\t\t\t\t\t\t<\/div>\n\t\t\t\t<\/div>\n\t\t\t\t\t\t<\/div>\n\t\t\t\t\t<\/div>\n\t\t<\/div>\n\t\t\t\t\t\t\t\t<\/div>\n\t\t\t\t\t<\/div>\n\t\t<\/section>\n\t\t\t\t\t\t<\/div>\n\t\t\t\t\t\t<\/div>\n\t\t\t\t\t<\/div>\n\t\t","protected":false},"excerpt":{"rendered":"<p>DIRECCI\u00d3N Pol\u00edgono Industrial\u00a0 de Granadilla, SP02 NAVE 47,38619, Tenerife. Email: arguion@arguion.es Tlf: 922 77 80 92 &#8211; 667 44 28 07 Fax: 922 77 80 93 Informaci\u00f3n b\u00e1sica de protecci\u00f3n de datos RESPONSABLE: Argui\u00f3n Yacht S.A. arguion@arguion.es FINALIDAD: Gesti\u00f3n de la consulta, solicitud o sugerencia trasladada por el interesado LEGITIMACI\u00d3N Su consentimiento y el inter\u00e9s &hellip; <\/p>\n<p class=\"link-more\"><a href=\"https:\/\/arguion.com\/index.php\/contacto\/\" class=\"more-link\">Seguir leyendo<span class=\"screen-reader-text\"> \u00abContacto\u00bb<\/span><\/a><\/p>\n","protected":false},"author":1,"featured_media":0,"parent":0,"menu_order":0,"comment_status":"closed","ping_status":"closed","template":"elementor_header_footer","meta":[],"acf":[],"_links":{"self":[{"href":"https:\/\/arguion.com\/index.php\/wp-json\/wp\/v2\/pages\/43"}],"collection":[{"href":"https:\/\/arguion.com\/index.php\/wp-json\/wp\/v2\/pages"}],"about":[{"href":"https:\/\/arguion.com\/index.php\/wp-json\/wp\/v2\/types\/page"}],"author":[{"embeddable":true,"href":"https:\/\/arguion.com\/index.php\/wp-json\/wp\/v2\/users\/1"}],"replies":[{"embeddable":true,"href":"https:\/\/arguion.com\/index.php\/wp-json\/wp\/v2\/comments?post=43"}],"version-history":[{"count":132,"href":"https:\/\/arguion.com\/index.php\/wp-json\/wp\/v2\/pages\/43\/revisions"}],"predecessor-version":[{"id":3295,"href":"https:\/\/arguion.com\/index.php\/wp-json\/wp\/v2\/pages\/43\/revisions\/3295"}],"wp:attachment":[{"href":"https:\/\/arguion.com\/index.php\/wp-json\/wp\/v2\/media?parent=43"}],"curies":[{"name":"wp","href":"https:\/\/api.w.org\/{rel}","templated":true}]}}